{"id":743,"date":"2022-09-20T23:45:58","date_gmt":"2022-09-20T21:45:58","guid":{"rendered":"https:\/\/pyb.cl\/our-team\/"},"modified":"2023-10-04T01:31:03","modified_gmt":"2023-10-03T23:31:03","slug":"our-team","status":"publish","type":"page","link":"https:\/\/pyb.cl\/en\/our-team\/","title":{"rendered":"OUR TEAM"},"content":{"rendered":"<p>[et_pb_section fb_built=&#8221;1&#8243; _builder_version=&#8221;4.18.0&#8243; _module_preset=&#8221;default&#8221; background_enable_color=&#8221;off&#8221; background_image=&#8221;https:\/\/pyb.cl\/webpyb\/wp-content\/uploads\/2022\/09\/AdobeStock_142965178.jpeg&#8221; height=&#8221;300px&#8221; custom_css_main_element=&#8221;display: flex;||align-items: center;&#8221; global_colors_info=&#8221;{}&#8221;][et_pb_row _builder_version=&#8221;4.18.0&#8243; _module_preset=&#8221;default&#8221; global_colors_info=&#8221;{}&#8221;][et_pb_column type=&#8221;4_4&#8243; _builder_version=&#8221;4.18.0&#8243; _module_preset=&#8221;default&#8221; global_colors_info=&#8221;{}&#8221;][et_pb_text _builder_version=&#8221;4.18.0&#8243; _module_preset=&#8221;default&#8221; text_font=&#8221;Aleo|300|||||||&#8221; text_text_color=&#8221;#FFFFFF&#8221; text_font_size=&#8221;26px&#8221; text_line_height=&#8221;1.3em&#8221; global_colors_info=&#8221;{}&#8221;]<\/p>\n<p>Our team of consultants and experts.<\/p>\n<p>[\/et_pb_text][\/et_pb_column][\/et_pb_row][\/et_pb_section][et_pb_section fb_built=&#8221;1&#8243; _builder_version=&#8221;4.18.0&#8243; _module_preset=&#8221;default&#8221; custom_padding=&#8221;||5px|||&#8221; global_colors_info=&#8221;{}&#8221;][et_pb_row column_structure=&#8221;1_4,3_4&#8243; _builder_version=&#8221;4.18.0&#8243; _module_preset=&#8221;default&#8221; global_colors_info=&#8221;{}&#8221;][et_pb_column type=&#8221;1_4&#8243; _builder_version=&#8221;4.18.0&#8243; _module_preset=&#8221;default&#8221; global_colors_info=&#8221;{}&#8221;][et_pb_image src=&#8221;https:\/\/pyb.cl\/webpyb\/wp-content\/uploads\/2022\/09\/rIMG_0642-2.jpg&#8221; title_text=&#8221;rIMG_0642 2&#8243; _builder_version=&#8221;4.18.0&#8243; _module_preset=&#8221;default&#8221; box_shadow_style=&#8221;preset3&#8243; global_colors_info=&#8221;{}&#8221;][\/et_pb_image][et_pb_icon font_icon=&#8221;&#xe076;||divi||400&#8243; icon_color=&#8221;#4c4c4c&#8221; icon_width=&#8221;30px&#8221; url=&#8221;mailto:%20cpoblete@pyb.cl&#8221; url_new_window=&#8221;on&#8221; align=&#8221;left&#8221; _builder_version=&#8221;4.18.0&#8243; _module_preset=&#8221;default&#8221; custom_margin=&#8221;2px||14px|||&#8221; global_colors_info=&#8221;{}&#8221;][\/et_pb_icon][et_pb_icon font_icon=&#8221;&#xe0cb;||divi||400&#8243; icon_color=&#8221;#4c4c4c&#8221; icon_width=&#8221;30px&#8221; url=&#8221;https:\/\/www.linkedin.com\/in\/carlos-poblete-a799aa243\/&#8221; url_new_window=&#8221;on&#8221; align=&#8221;left&#8221; _builder_version=&#8221;4.18.0&#8243; _module_preset=&#8221;default&#8221; custom_margin=&#8221;2px||14px|||&#8221; global_colors_info=&#8221;{}&#8221;][\/et_pb_icon][\/et_pb_column][et_pb_column type=&#8221;3_4&#8243; _builder_version=&#8221;4.18.0&#8243; _module_preset=&#8221;default&#8221; global_colors_info=&#8221;{}&#8221;][et_pb_text _builder_version=&#8221;4.18.0&#8243; _module_preset=&#8221;default&#8221; text_font=&#8221;Aleo||||||||&#8221; text_text_color=&#8221;#666666&#8243; text_font_size=&#8221;24px&#8221; text_line_height=&#8221;1.3em&#8221; global_colors_info=&#8221;{}&#8221;]<\/p>\n<p><strong>Carlos Poblete Bennett<\/strong><br \/>Director of P&amp;B Consultor\u00edas<br \/>Business Administration from Pontificia Universidad Cat\u00f3lica. <span>B.Sc. in Business and Economics from Pontificia Universidad Cat\u00f3lica.<\/span><\/p>\n<p>[\/et_pb_text][et_pb_text _builder_version=&#8221;4.18.0&#8243; _module_preset=&#8221;default&#8221; global_colors_info=&#8221;{}&#8221;]<\/p>\n<p class=\"p1\" style=\"text-align: justify;\">Carlos began his career in consulting in the mid-1990s, in various projects developed by national and foreign investment banks, as well as in merger processes.<\/p>\n<p class=\"p1\" style=\"text-align: justify;\">In the year 2000, he founded P&amp;B Consultor\u00edas with a special focus on economic advice, in a country where the development of competition law and other regulations turned out to be key in several firms\u2019 competitive strategy. <\/p>\n<p class=\"p1\">Occasionally, during the first years of P&amp;B, economic advi<span class=\"s1\">ce<\/span> was provided in association with external consultants. Years later, and over a decade ago, more economists joined this project founded in 2000 in a permanent manner.<\/p>\n<p class=\"p1\" style=\"text-align: justify;\">Carlos has in-depth knowledge of the operation of primary markets in agribusiness and their production chains, in numerous sectors, where he has directed various projects, with long and medium-term effects. <\/p>\n<p class=\"p1\" style=\"text-align: justify;\">As director of P&amp;B, he has led projects in the steel, energy, investment funds, television and telecommunications industries, among others. Advice has been provided both internally to contracting companies and private institutions, as well as on the public sector.<\/p>\n<p class=\"p1\" style=\"text-align: justify;\">Due to the nature of the services provided, Carlos has vast experience and knowledge regarding the different competition venues, such as Chile\u2019s Competition Court (TDLC), the National Economic Prosecutor&#8217;s Office (FNE) and the National Commission in Charge of Investigating Price Distortions on Imported Goods (CNDP).<\/p>\n<p>[\/et_pb_text][\/et_pb_column][\/et_pb_row][et_pb_row _builder_version=&#8221;4.18.0&#8243; _module_preset=&#8221;default&#8221; custom_margin=&#8221;||||false|false&#8221; custom_padding=&#8221;20px||0px||false|false&#8221; global_colors_info=&#8221;{}&#8221;][et_pb_column type=&#8221;4_4&#8243; _builder_version=&#8221;4.18.0&#8243; _module_preset=&#8221;default&#8221; global_colors_info=&#8221;{}&#8221;][et_pb_divider color=&#8221;#666666&#8243; _builder_version=&#8221;4.18.0&#8243; _module_preset=&#8221;default&#8221; global_colors_info=&#8221;{}&#8221;][\/et_pb_divider][\/et_pb_column][\/et_pb_row][et_pb_row column_structure=&#8221;1_4,3_4&#8243; _builder_version=&#8221;4.18.0&#8243; _module_preset=&#8221;default&#8221; global_colors_info=&#8221;{}&#8221;][et_pb_column type=&#8221;1_4&#8243; _builder_version=&#8221;4.18.0&#8243; _module_preset=&#8221;default&#8221; global_colors_info=&#8221;{}&#8221;][et_pb_image src=&#8221;https:\/\/pyb.cl\/webpyb\/wp-content\/uploads\/2022\/09\/IMG_0589-2.jpg&#8221; title_text=&#8221;IMG_0589 2&#8243; _builder_version=&#8221;4.18.0&#8243; _module_preset=&#8221;default&#8221; box_shadow_style=&#8221;preset3&#8243; global_colors_info=&#8221;{}&#8221;][\/et_pb_image][et_pb_icon font_icon=&#8221;&#xe076;||divi||400&#8243; icon_color=&#8221;#4c4c4c&#8221; icon_width=&#8221;30px&#8221; url=&#8221;mailto:%20iencina@pyb.cl&#8221; url_new_window=&#8221;on&#8221; align=&#8221;left&#8221; _builder_version=&#8221;4.18.0&#8243; _module_preset=&#8221;default&#8221; custom_margin=&#8221;2px||14px|||&#8221; global_colors_info=&#8221;{}&#8221;][\/et_pb_icon][et_pb_icon font_icon=&#8221;&#xe0cb;||divi||400&#8243; icon_color=&#8221;#4c4c4c&#8221; icon_width=&#8221;30px&#8221; url=&#8221;https:\/\/www.linkedin.com\/in\/isabel-margarita-encina-d%C3%ADaz-3b998839\/&#8221; url_new_window=&#8221;on&#8221; align=&#8221;left&#8221; _builder_version=&#8221;4.18.0&#8243; _module_preset=&#8221;default&#8221; custom_margin=&#8221;2px||14px|||&#8221; global_colors_info=&#8221;{}&#8221;][\/et_pb_icon][\/et_pb_column][et_pb_column type=&#8221;3_4&#8243; _builder_version=&#8221;4.18.0&#8243; _module_preset=&#8221;default&#8221; global_colors_info=&#8221;{}&#8221;][et_pb_text _builder_version=&#8221;4.18.0&#8243; _module_preset=&#8221;default&#8221; text_font=&#8221;Aleo||||||||&#8221; text_text_color=&#8221;#666666&#8243; text_font_size=&#8221;24px&#8221; text_line_height=&#8221;1.3em&#8221; global_colors_info=&#8221;{}&#8221;]<\/p>\n<p><strong>Isabel Margarita Encina D\u00edaz<\/strong><br \/>Senior Economist at P&amp;B Consultor\u00edas<br \/>Business Administration from Pontificia Universidad Cat\u00f3lica, <span>B.Sc. in Economics from Pontificia Universidad Cat\u00f3lica, <\/span><span>M.Sc. in Economics, double degree from Tilburg University and Pontificia Universidad Cat\u00f3lica.<\/span><\/p>\n<p>[\/et_pb_text][et_pb_text _builder_version=&#8221;4.18.0&#8243; _module_preset=&#8221;default&#8221; global_colors_info=&#8221;{}&#8221;]<\/p>\n<p class=\"p1\" style=\"text-align: justify;\">Isabel joined the team in 2014. Since then, she has worked with a wide variety of national and foreign clients, building valuable experience in several industries and competition venues.<\/p>\n<p class=\"p1\" style=\"text-align: justify;\">Since 2018, she has been a Senior Economist at P&amp;B, having lead projects where the objectives set by our team and an ambition to carry out a rigorous analysis, have allowed her to carry out each case within the needs and context of our clients.<\/p>\n<p class=\"p1\" style=\"text-align: justify;\">Her experience covers a wide range of sectors in which P&amp;B has provided services, highlighting her experience in agribusiness, with a special emphasis on the development of competitive strategies, compliance, and economic strategies during litigation. In addition, Isabel has significant experience in the steel industry in relation to international trade disputes, an area where she has also led, with singular success, advisory cases carried within the National Commission in Charge of Investigating Price Distortions on Imported Goods (CNDP).<\/p>\n<p class=\"p1\" style=\"text-align: justify;\">Lastly, and on behalf of P&amp;B, she has coordinated the development and proper operation of a private investment fund.<\/p>\n<p>[\/et_pb_text][\/et_pb_column][\/et_pb_row][et_pb_row _builder_version=&#8221;4.18.0&#8243; _module_preset=&#8221;default&#8221; custom_margin=&#8221;||||false|false&#8221; custom_padding=&#8221;20px||0px||false|false&#8221; global_colors_info=&#8221;{}&#8221;][et_pb_column type=&#8221;4_4&#8243; _builder_version=&#8221;4.18.0&#8243; _module_preset=&#8221;default&#8221; global_colors_info=&#8221;{}&#8221;][et_pb_divider color=&#8221;#666666&#8243; _builder_version=&#8221;4.18.0&#8243; _module_preset=&#8221;default&#8221; global_colors_info=&#8221;{}&#8221;][\/et_pb_divider][\/et_pb_column][\/et_pb_row][et_pb_row column_structure=&#8221;1_4,3_4&#8243; _builder_version=&#8221;4.18.0&#8243; _module_preset=&#8221;default&#8221; global_colors_info=&#8221;{}&#8221;][et_pb_column type=&#8221;1_4&#8243; _builder_version=&#8221;4.18.0&#8243; _module_preset=&#8221;default&#8221; global_colors_info=&#8221;{}&#8221;][et_pb_image src=&#8221;https:\/\/pyb.cl\/webpyb\/wp-content\/uploads\/2023\/10\/Tomas-web.jpg&#8221; title_text=&#8221;Toma\u0301s web&#8221; _builder_version=&#8221;4.19.0&#8243; _module_preset=&#8221;default&#8221; box_shadow_style=&#8221;preset3&#8243; global_colors_info=&#8221;{}&#8221;][\/et_pb_image][et_pb_icon font_icon=&#8221;&#xe076;||divi||400&#8243; icon_color=&#8221;#4c4c4c&#8221; icon_width=&#8221;30px&#8221; url=&#8221;mailto:%20tgray@pyb.cl&#8221; url_new_window=&#8221;on&#8221; align=&#8221;left&#8221; _builder_version=&#8221;4.19.0&#8243; _module_preset=&#8221;default&#8221; custom_margin=&#8221;2px||14px|||&#8221; global_colors_info=&#8221;{}&#8221;][\/et_pb_icon][et_pb_icon font_icon=&#8221;&#xe0cb;||divi||400&#8243; icon_color=&#8221;#4c4c4c&#8221; icon_width=&#8221;30px&#8221; url_new_window=&#8221;on&#8221; align=&#8221;left&#8221; _builder_version=&#8221;4.19.0&#8243; _module_preset=&#8221;default&#8221; custom_margin=&#8221;2px||14px|||&#8221; global_colors_info=&#8221;{}&#8221;][\/et_pb_icon][\/et_pb_column][et_pb_column type=&#8221;3_4&#8243; _builder_version=&#8221;4.18.0&#8243; _module_preset=&#8221;default&#8221; global_colors_info=&#8221;{}&#8221;][et_pb_text _builder_version=&#8221;4.19.0&#8243; _module_preset=&#8221;default&#8221; text_font=&#8221;Aleo||||||||&#8221; text_text_color=&#8221;#666666&#8243; text_font_size=&#8221;24px&#8221; text_line_height=&#8221;1.3em&#8221; global_colors_info=&#8221;{}&#8221;]<\/p>\n<p class=\"p1\"><b>Tom\u00e1s Andr\u00e9s Gray Durandeau<br \/><\/b>Data Scientist at P&amp;B Consultor\u00edas<br \/>Industrial Engineer from <span class=\"s1\">Pontificia Universidad Cat\u00f3lica<\/span>, B.Sc. in Transportation Systems Engineering from <span class=\"s1\">Pontificia Universidad Cat\u00f3lica<\/span>.<\/p>\n<p>[\/et_pb_text][et_pb_text _builder_version=&#8221;4.19.0&#8243; _module_preset=&#8221;default&#8221; hover_enabled=&#8221;0&#8243; global_colors_info=&#8221;{}&#8221; sticky_enabled=&#8221;0&#8243;]<\/p>\n<p class=\"p1\">Tom\u00e1s joined P&amp;B in 2023 with a strong academic background and previous experience in financial and economic analysis.<\/p>\n<p class=\"p1\">Given his knowledge and training in data analysis and statistical modeling, Tom\u00e1s holds the position of Data Scientist at P&amp;B, focusing on developing and providing advanced data analysis models that enable a deeper conceptual understanding of the subjects under study.<\/p>\n<p>[\/et_pb_text][\/et_pb_column][\/et_pb_row][et_pb_row _builder_version=&#8221;4.18.0&#8243; _module_preset=&#8221;default&#8221; custom_margin=&#8221;||||false|false&#8221; custom_padding=&#8221;20px||0px||false|false&#8221; global_colors_info=&#8221;{}&#8221;][et_pb_column type=&#8221;4_4&#8243; _builder_version=&#8221;4.18.0&#8243; _module_preset=&#8221;default&#8221; global_colors_info=&#8221;{}&#8221;][et_pb_divider color=&#8221;#666666&#8243; _builder_version=&#8221;4.18.0&#8243; _module_preset=&#8221;default&#8221; global_colors_info=&#8221;{}&#8221;][\/et_pb_divider][\/et_pb_column][\/et_pb_row][et_pb_row column_structure=&#8221;1_4,3_4&#8243; _builder_version=&#8221;4.18.0&#8243; _module_preset=&#8221;default&#8221; global_colors_info=&#8221;{}&#8221;][et_pb_column type=&#8221;1_4&#8243; _builder_version=&#8221;4.18.0&#8243; _module_preset=&#8221;default&#8221; global_colors_info=&#8221;{}&#8221;][et_pb_image src=&#8221;https:\/\/pyb.cl\/webpyb\/wp-content\/uploads\/2023\/10\/Daniela-web.jpg&#8221; title_text=&#8221;Daniela web&#8221; _builder_version=&#8221;4.19.0&#8243; _module_preset=&#8221;default&#8221; box_shadow_style=&#8221;preset3&#8243; global_colors_info=&#8221;{}&#8221;][\/et_pb_image][et_pb_icon font_icon=&#8221;&#xe076;||divi||400&#8243; icon_color=&#8221;#4c4c4c&#8221; icon_width=&#8221;30px&#8221; url=&#8221;mailto:%20dmarquez@pyb.cl&#8221; url_new_window=&#8221;on&#8221; align=&#8221;left&#8221; _builder_version=&#8221;4.19.0&#8243; _module_preset=&#8221;default&#8221; custom_margin=&#8221;2px||14px|||&#8221; global_colors_info=&#8221;{}&#8221;][\/et_pb_icon][et_pb_icon font_icon=&#8221;&#xe0cb;||divi||400&#8243; icon_color=&#8221;#4c4c4c&#8221; icon_width=&#8221;30px&#8221; url_new_window=&#8221;on&#8221; align=&#8221;left&#8221; _builder_version=&#8221;4.19.0&#8243; _module_preset=&#8221;default&#8221; custom_margin=&#8221;2px||14px|||&#8221; global_colors_info=&#8221;{}&#8221;][\/et_pb_icon][\/et_pb_column][et_pb_column type=&#8221;3_4&#8243; _builder_version=&#8221;4.18.0&#8243; _module_preset=&#8221;default&#8221; global_colors_info=&#8221;{}&#8221;][et_pb_text _builder_version=&#8221;4.19.0&#8243; _module_preset=&#8221;default&#8221; text_font=&#8221;Aleo||||||||&#8221; text_text_color=&#8221;#666666&#8243; text_font_size=&#8221;24px&#8221; text_line_height=&#8221;1.3em&#8221; global_colors_info=&#8221;{}&#8221;]<\/p>\n<p class=\"p1\"><b>Daniela Francisca M\u00e1rquez Marchant<br \/><\/b>Administration at P&amp;B Consultor\u00edas.<\/p>\n<p>[\/et_pb_text][et_pb_text _builder_version=&#8221;4.19.0&#8243; _module_preset=&#8221;default&#8221; global_colors_info=&#8221;{}&#8221;]<\/p>\n<p class=\"p1\">Daniela joined the P&amp;B team in 2021, taking on the role of administrator, contributing with her skills and abilities in organization and management to support our daily operations in the most effective manner.<\/p>\n<p>[\/et_pb_text][\/et_pb_column][\/et_pb_row][et_pb_row _builder_version=&#8221;4.18.0&#8243; _module_preset=&#8221;default&#8221; custom_margin=&#8221;||||false|false&#8221; custom_padding=&#8221;20px||0px||false|false&#8221; global_colors_info=&#8221;{}&#8221;][et_pb_column type=&#8221;4_4&#8243; _builder_version=&#8221;4.18.0&#8243; _module_preset=&#8221;default&#8221; global_colors_info=&#8221;{}&#8221;][et_pb_divider color=&#8221;#666666&#8243; _builder_version=&#8221;4.18.0&#8243; _module_preset=&#8221;default&#8221; global_colors_info=&#8221;{}&#8221;][\/et_pb_divider][\/et_pb_column][\/et_pb_row][\/et_pb_section][et_pb_section fb_built=&#8221;1&#8243; _builder_version=&#8221;4.18.0&#8243; _module_preset=&#8221;default&#8221; custom_padding=&#8221;10px|||||&#8221; global_colors_info=&#8221;{}&#8221;][et_pb_row _builder_version=&#8221;4.18.0&#8243; _module_preset=&#8221;default&#8221; global_colors_info=&#8221;{}&#8221;][et_pb_column type=&#8221;4_4&#8243; _builder_version=&#8221;4.18.0&#8243; _module_preset=&#8221;default&#8221; global_colors_info=&#8221;{}&#8221;][et_pb_text _builder_version=&#8221;4.18.0&#8243; _module_preset=&#8221;default&#8221; text_font=&#8221;Aleo||||||||&#8221; text_text_color=&#8221;#666666&#8243; text_font_size=&#8221;24px&#8221; text_line_height=&#8221;1.3em&#8221; global_colors_info=&#8221;{}&#8221;]<\/p>\n<p>Academic consultants<\/p>\n<p>[\/et_pb_text][\/et_pb_column][\/et_pb_row][et_pb_row column_structure=&#8221;1_4,3_4&#8243; _builder_version=&#8221;4.18.0&#8243; _module_preset=&#8221;default&#8221; global_colors_info=&#8221;{}&#8221;][et_pb_column type=&#8221;1_4&#8243; _builder_version=&#8221;4.18.0&#8243; _module_preset=&#8221;default&#8221; global_colors_info=&#8221;{}&#8221;][et_pb_image src=&#8221;https:\/\/pyb.cl\/webpyb\/wp-content\/uploads\/2022\/11\/JPmontero2.jpg&#8221; title_text=&#8221;JPmontero2&#8243; _builder_version=&#8221;4.18.0&#8243; _module_preset=&#8221;default&#8221; box_shadow_style=&#8221;preset3&#8243; global_colors_info=&#8221;{}&#8221;][\/et_pb_image][\/et_pb_column][et_pb_column type=&#8221;3_4&#8243; _builder_version=&#8221;4.18.0&#8243; _module_preset=&#8221;default&#8221; global_colors_info=&#8221;{}&#8221;][et_pb_text _builder_version=&#8221;4.18.0&#8243; _module_preset=&#8221;default&#8221; text_font=&#8221;Aleo||||||||&#8221; text_text_color=&#8221;#666666&#8243; text_font_size=&#8221;24px&#8221; text_line_height=&#8221;1.3em&#8221; custom_padding=&#8221;|||0px||&#8221; global_colors_info=&#8221;{}&#8221;]<\/p>\n<p class=\"p1\"><span class=\"s1\"><b>Juan-Pablo Montero<br \/><\/b><\/span><span class=\"s1\">Professor at Pontificia Universidad Cat\u00f3lica, <\/span><span class=\"s1\">MIT, PhD in Industrial Economics <\/span><\/p>\n<p>[\/et_pb_text][\/et_pb_column][\/et_pb_row][et_pb_row column_structure=&#8221;1_4,3_4&#8243; _builder_version=&#8221;4.18.0&#8243; _module_preset=&#8221;default&#8221; global_colors_info=&#8221;{}&#8221;][et_pb_column type=&#8221;1_4&#8243; _builder_version=&#8221;4.18.0&#8243; _module_preset=&#8221;default&#8221; global_colors_info=&#8221;{}&#8221;][et_pb_image src=&#8221;https:\/\/pyb.cl\/webpyb\/wp-content\/uploads\/2022\/11\/salvadorValdes_2.jpg&#8221; title_text=&#8221;salvadorValdes_2&#8243; _builder_version=&#8221;4.18.0&#8243; _module_preset=&#8221;default&#8221; box_shadow_style=&#8221;preset3&#8243; global_colors_info=&#8221;{}&#8221;][\/et_pb_image][\/et_pb_column][et_pb_column type=&#8221;3_4&#8243; _builder_version=&#8221;4.18.0&#8243; _module_preset=&#8221;default&#8221; global_colors_info=&#8221;{}&#8221;][et_pb_text _builder_version=&#8221;4.18.0&#8243; _module_preset=&#8221;default&#8221; text_font=&#8221;Aleo||||||||&#8221; text_text_color=&#8221;#666666&#8243; text_font_size=&#8221;24px&#8221; text_line_height=&#8221;1.3em&#8221; custom_padding=&#8221;|||0px||&#8221; global_colors_info=&#8221;{}&#8221;]<\/p>\n<p class=\"p1\"><span class=\"s1\"><b>Salvador Vald\u00e9s<br \/><\/b><\/span><span class=\"s1\" style=\"font-size: 24px;\"><i>Senior Fellow<\/i> at Universidad Adolfo Ib\u00e1\u00f1ez,<\/span><span class=\"s1\" style=\"font-size: 24px;\">MIT, PhD in Economics <\/span><\/p>\n<p>[\/et_pb_text][\/et_pb_column][\/et_pb_row][et_pb_row column_structure=&#8221;1_4,3_4&#8243; _builder_version=&#8221;4.18.0&#8243; _module_preset=&#8221;default&#8221; global_colors_info=&#8221;{}&#8221;][et_pb_column type=&#8221;1_4&#8243; _builder_version=&#8221;4.18.0&#8243; _module_preset=&#8221;default&#8221; global_colors_info=&#8221;{}&#8221;][et_pb_image src=&#8221;https:\/\/pyb.cl\/webpyb\/wp-content\/uploads\/2022\/11\/raimundoSoto_2.jpg&#8221; title_text=&#8221;raimundoSoto_2&#8243; _builder_version=&#8221;4.18.0&#8243; _module_preset=&#8221;default&#8221; box_shadow_style=&#8221;preset3&#8243; global_colors_info=&#8221;{}&#8221;][\/et_pb_image][\/et_pb_column][et_pb_column type=&#8221;3_4&#8243; _builder_version=&#8221;4.18.0&#8243; _module_preset=&#8221;default&#8221; global_colors_info=&#8221;{}&#8221;][et_pb_text _builder_version=&#8221;4.18.0&#8243; _module_preset=&#8221;default&#8221; text_font=&#8221;Aleo||||||||&#8221; text_text_color=&#8221;#666666&#8243; text_font_size=&#8221;24px&#8221; text_line_height=&#8221;1.3em&#8221; custom_padding=&#8221;|||0px||&#8221; global_colors_info=&#8221;{}&#8221;]<\/p>\n<p class=\"p1\"><span class=\"s1\"><b>Raimundo Soto<br \/><\/b><\/span><span style=\"font-size: 24px;\">Associate Professor at Pontificia Universidad Cat\u00f3lica, <\/span><span style=\"font-size: 24px;\">Georgetown, PhD in Economics <\/span><\/p>\n<p>[\/et_pb_text][\/et_pb_column][\/et_pb_row][\/et_pb_section][et_pb_section fb_built=&#8221;1&#8243; _builder_version=&#8221;4.18.0&#8243; _module_preset=&#8221;default&#8221; background_image=&#8221;https:\/\/pyb.cl\/webpyb\/wp-content\/uploads\/2022\/09\/MG_9675-2.jpg&#8221; parallax=&#8221;on&#8221; height=&#8221;400px&#8221; global_colors_info=&#8221;{}&#8221;][\/et_pb_section]<\/p>\n","protected":false},"excerpt":{"rendered":"<p>Our team of consultants and experts.Carlos Poblete BennettDirector of P&amp;B Consultor\u00edasBusiness Administration from Pontificia Universidad Cat\u00f3lica. B.Sc. in Business and Economics from Pontificia Universidad Cat\u00f3lica.Carlos began his career in consulting in the mid-1990s, in various projects developed by national and foreign investment banks, as well as in merger processes. In the year 2000, he founded [&hellip;]<\/p>\n","protected":false},"author":1,"featured_media":0,"parent":0,"menu_order":0,"comment_status":"closed","ping_status":"closed","template":"","meta":{"_et_pb_use_builder":"on","_et_pb_old_content":"","_et_gb_content_width":"","om_disable_all_campaigns":false,"_monsterinsights_skip_tracking":false,"_monsterinsights_sitenote_active":false,"_monsterinsights_sitenote_note":"","_monsterinsights_sitenote_category":0},"aioseo_notices":[],"_links":{"self":[{"href":"https:\/\/pyb.cl\/en\/wp-json\/wp\/v2\/pages\/743"}],"collection":[{"href":"https:\/\/pyb.cl\/en\/wp-json\/wp\/v2\/pages"}],"about":[{"href":"https:\/\/pyb.cl\/en\/wp-json\/wp\/v2\/types\/page"}],"author":[{"embeddable":true,"href":"https:\/\/pyb.cl\/en\/wp-json\/wp\/v2\/users\/1"}],"replies":[{"embeddable":true,"href":"https:\/\/pyb.cl\/en\/wp-json\/wp\/v2\/comments?post=743"}],"version-history":[{"count":9,"href":"https:\/\/pyb.cl\/en\/wp-json\/wp\/v2\/pages\/743\/revisions"}],"predecessor-version":[{"id":777,"href":"https:\/\/pyb.cl\/en\/wp-json\/wp\/v2\/pages\/743\/revisions\/777"}],"wp:attachment":[{"href":"https:\/\/pyb.cl\/en\/wp-json\/wp\/v2\/media?parent=743"}],"curies":[{"name":"wp","href":"https:\/\/api.w.org\/{rel}","templated":true}]}}